{"id":379,"date":"2020-10-08T09:14:52","date_gmt":"2020-10-08T07:14:52","guid":{"rendered":"https:\/\/sauberblitz.de\/about-us\/"},"modified":"2025-08-18T12:06:52","modified_gmt":"2025-08-18T10:06:52","slug":"about-us","status":"publish","type":"page","link":"https:\/\/sauberblitz.de\/en\/about-us\/","title":{"rendered":"About us"},"content":{"rendered":"<div class=\"fusion-fullwidth fullwidth-box fusion-builder-row-1 fusion-flex-container nonhundred-percent-fullwidth non-hundred-percent-height-scrolling\" style=\"--awb-border-radius-top-left:0px;--awb-border-radius-top-right:0px;--awb-border-radius-bottom-right:0px;--awb-border-radius-bottom-left:0px;--awb-flex-wrap:wrap;\" ><div class=\"fusion-builder-row fusion-row fusion-flex-align-items-flex-start fusion-flex-content-wrap\" style=\"max-width:1352px;margin-left: calc(-4% \/ 2 );margin-right: calc(-4% \/ 2 );\"><div class=\"fusion-layout-column fusion_builder_column fusion-builder-column-0 fusion_builder_column_2_3 2_3 fusion-flex-column\" style=\"--awb-bg-size:cover;--awb-width-large:66.666666666667%;--awb-margin-top-large:0px;--awb-spacing-right-large:2.88%;--awb-margin-bottom-large:0px;--awb-spacing-left-large:2.88%;--awb-width-medium:66.666666666667%;--awb-spacing-right-medium:2.88%;--awb-spacing-left-medium:2.88%;--awb-width-small:100%;--awb-spacing-right-small:1.92%;--awb-spacing-left-small:1.92%;\"><div class=\"fusion-column-wrapper fusion-flex-justify-content-flex-start fusion-content-layout-column\"><div class=\"fusion-title title fusion-title-1 fusion-sep-none fusion-title-text fusion-title-size-one\"><h1 class=\"fusion-title-heading title-heading-left fusion-responsive-typography-calculated\" style=\"margin:0;--fontSize:60;line-height:1.16;\"><p class=\"elementskit-section-title \">SauberBlitz &#8211; Our company<\/p><\/h1><\/div><div class=\"fusion-text fusion-text-1\"><p>The owner and founder of SauberBlitz brings nearly 20 years of experience to the table, enriching both customers and the entire team. Our daily motivation lies in our clear goal of building a stable, large \u201cSauberBlitz family\u201d in which appreciation plays an important role.<\/p>\n<\/div><div class=\"fusion-text fusion-text-2\"><p class=\"whitespace-normal break-words\">After arriving in Germany in 2003, the founder began working as a cleaner at the Riem Arcaden shopping center. SauberBlitz was already founded back in April 2004 together with the business partner at the time. In the early years, they worked together to take on subcontracting jobs for a large company operating throughout Germany. At the same time, specialist knowledge was continuously deepened and expanded through a wide variety of training courses.<\/p>\n<p class=\"whitespace-normal break-words\">In 2010, she took off completely as a sole proprietor. SauberBlitz has been built up with love and dedication and has now made a name for itself in the field of facility cleaning in Munich.<\/p>\n<\/div><\/div><\/div><div class=\"fusion-layout-column fusion_builder_column fusion-builder-column-1 fusion_builder_column_2_3 2_3 fusion-flex-column\" style=\"--awb-bg-size:cover;--awb-width-large:66.666666666667%;--awb-margin-top-large:0px;--awb-spacing-right-large:2.88%;--awb-margin-bottom-large:0px;--awb-spacing-left-large:2.88%;--awb-width-medium:66.666666666667%;--awb-spacing-right-medium:2.88%;--awb-spacing-left-medium:2.88%;--awb-width-small:100%;--awb-spacing-right-small:1.92%;--awb-spacing-left-small:1.92%;\"><div class=\"fusion-column-wrapper fusion-flex-justify-content-flex-start fusion-content-layout-column\"><div class=\"fusion-title title fusion-title-2 fusion-sep-none fusion-title-text fusion-title-size-two\"><h2 class=\"fusion-title-heading title-heading-left fusion-responsive-typography-calculated\" style=\"margin:0;--fontSize:48;line-height:1.2;\"><p class=\"elementskit-section-title \">A dream for homeless people<\/p><\/h2><\/div><div class=\"fusion-text fusion-text-3\"><p>&#8220;My dream is to earn enough money so that I can buy, build, or rent a house for homeless people. A house that we will renovate and run together.<br \/>\n&#8230;so that the people who have lived on the streets can become part of society again, so that they can experience feeling valued again. Furthermore, they will have the opportunity to get a good job at SauberBlitz.&#8221;<\/p>\n<\/div><\/div><\/div><\/div><\/div>\n","protected":false},"excerpt":{"rendered":"","protected":false},"author":1,"featured_media":0,"parent":0,"menu_order":0,"comment_status":"closed","ping_status":"open","template":"100-width.php","meta":{"footnotes":""},"class_list":["post-379","page","type-page","status-publish","hentry"],"yoast_head":"<!-- This site is optimized with the Yoast SEO plugin v27.5 - https:\/\/yoast.com\/product\/yoast-seo-wordpress\/ -->\n<title>The company &#8902; SauberBlitz Geb\u00e4udereinigung M\u00fcnchen<\/title>\n<meta name=\"description\" content=\"SauberBlitz has been providing highly professional building cleaning services in Munich for over 20 years. \u2713\u2713\u2713 Learn more now...\" \/>\n<meta name=\"robots\" content=\"index, follow, max-snippet:-1, max-image-preview:large, max-video-preview:-1\" \/>\n<link rel=\"canonical\" href=\"https:\/\/sauberblitz.de\/en\/about-us\/\" \/>\n<meta property=\"og:locale\" content=\"en_US\" \/>\n<meta property=\"og:type\" content=\"article\" \/>\n<meta property=\"og:title\" content=\"The company &#8902; SauberBlitz Geb\u00e4udereinigung M\u00fcnchen\" \/>\n<meta property=\"og:description\" content=\"SauberBlitz has been providing highly professional building cleaning services in Munich for over 20 years. \u2713\u2713\u2713 Learn more now...\" \/>\n<meta property=\"og:url\" content=\"https:\/\/sauberblitz.de\/en\/about-us\/\" \/>\n<meta property=\"og:site_name\" content=\"SauberBlitz Geb\u00e4udereinigung M\u00fcnchen\" \/>\n<meta property=\"article:publisher\" content=\"https:\/\/www.facebook.com\/SauberBlitz\/\" \/>\n<meta property=\"article:modified_time\" content=\"2025-08-18T10:06:52+00:00\" \/>\n<meta name=\"twitter:card\" content=\"summary_large_image\" \/>\n<meta name=\"twitter:label1\" content=\"Est. reading time\" \/>\n\t<meta name=\"twitter:data1\" content=\"5 minutes\" \/>\n<script type=\"application\/ld+json\" class=\"yoast-schema-graph\">{\"@context\":\"https:\\\/\\\/schema.org\",\"@graph\":[{\"@type\":\"WebPage\",\"@id\":\"https:\\\/\\\/sauberblitz.de\\\/en\\\/about-us\\\/\",\"url\":\"https:\\\/\\\/sauberblitz.de\\\/en\\\/about-us\\\/\",\"name\":\"The company &#8902; SauberBlitz Geb\u00e4udereinigung M\u00fcnchen\",\"isPartOf\":{\"@id\":\"https:\\\/\\\/sauberblitz.de\\\/en\\\/#website\"},\"datePublished\":\"2020-10-08T07:14:52+00:00\",\"dateModified\":\"2025-08-18T10:06:52+00:00\",\"description\":\"SauberBlitz has been providing highly professional building cleaning services in Munich for over 20 years. \u2713\u2713\u2713 Learn more now...\",\"breadcrumb\":{\"@id\":\"https:\\\/\\\/sauberblitz.de\\\/en\\\/about-us\\\/#breadcrumb\"},\"inLanguage\":\"en-US\",\"potentialAction\":[{\"@type\":\"ReadAction\",\"target\":[\"https:\\\/\\\/sauberblitz.de\\\/en\\\/about-us\\\/\"]}]},{\"@type\":\"BreadcrumbList\",\"@id\":\"https:\\\/\\\/sauberblitz.de\\\/en\\\/about-us\\\/#breadcrumb\",\"itemListElement\":[{\"@type\":\"ListItem\",\"position\":1,\"name\":\"Startseite\",\"item\":\"https:\\\/\\\/sauberblitz.de\\\/en\\\/sauberblitz\\\/\"},{\"@type\":\"ListItem\",\"position\":2,\"name\":\"About us\"}]},{\"@type\":\"WebSite\",\"@id\":\"https:\\\/\\\/sauberblitz.de\\\/en\\\/#website\",\"url\":\"https:\\\/\\\/sauberblitz.de\\\/en\\\/\",\"name\":\"SauberBlitz Geb\u00e4udereinigung M\u00fcnchen\",\"description\":\"Professionelle Reinigung M\u00fcnchen\",\"publisher\":{\"@id\":\"https:\\\/\\\/sauberblitz.de\\\/en\\\/#organization\"},\"potentialAction\":[{\"@type\":\"SearchAction\",\"target\":{\"@type\":\"EntryPoint\",\"urlTemplate\":\"https:\\\/\\\/sauberblitz.de\\\/en\\\/?s={search_term_string}\"},\"query-input\":{\"@type\":\"PropertyValueSpecification\",\"valueRequired\":true,\"valueName\":\"search_term_string\"}}],\"inLanguage\":\"en-US\"},{\"@type\":\"Organization\",\"@id\":\"https:\\\/\\\/sauberblitz.de\\\/en\\\/#organization\",\"name\":\"SauberBlitz\",\"url\":\"https:\\\/\\\/sauberblitz.de\\\/en\\\/\",\"logo\":{\"@type\":\"ImageObject\",\"inLanguage\":\"en-US\",\"@id\":\"https:\\\/\\\/sauberblitz.de\\\/en\\\/#\\\/schema\\\/logo\\\/image\\\/\",\"url\":\"https:\\\/\\\/sauberblitz.de\\\/wp-content\\\/uploads\\\/2020\\\/11\\\/logo-sauberblitz-300-quer.png\",\"contentUrl\":\"https:\\\/\\\/sauberblitz.de\\\/wp-content\\\/uploads\\\/2020\\\/11\\\/logo-sauberblitz-300-quer.png\",\"width\":647,\"height\":300,\"caption\":\"SauberBlitz\"},\"image\":{\"@id\":\"https:\\\/\\\/sauberblitz.de\\\/en\\\/#\\\/schema\\\/logo\\\/image\\\/\"},\"sameAs\":[\"https:\\\/\\\/www.facebook.com\\\/SauberBlitz\\\/\",\"https:\\\/\\\/www.instagram.com\\\/sauberblitz\\\/\",\"https:\\\/\\\/www.linkedin.com\\\/in\\\/ramona-wagner-4423a111b\\\/\",\"https:\\\/\\\/www.youtube.com\\\/channel\\\/UCIx-BX1eUgHMHC0T4lw1EEw\"]}]}<\/script>\n<!-- \/ Yoast SEO plugin. -->","yoast_head_json":{"title":"The company &#8902; SauberBlitz Geb\u00e4udereinigung M\u00fcnchen","description":"SauberBlitz has been providing highly professional building cleaning services in Munich for over 20 years. \u2713\u2713\u2713 Learn more now...","robots":{"index":"index","follow":"follow","max-snippet":"max-snippet:-1","max-image-preview":"max-image-preview:large","max-video-preview":"max-video-preview:-1"},"canonical":"https:\/\/sauberblitz.de\/en\/about-us\/","og_locale":"en_US","og_type":"article","og_title":"The company &#8902; SauberBlitz Geb\u00e4udereinigung M\u00fcnchen","og_description":"SauberBlitz has been providing highly professional building cleaning services in Munich for over 20 years. \u2713\u2713\u2713 Learn more now...","og_url":"https:\/\/sauberblitz.de\/en\/about-us\/","og_site_name":"SauberBlitz Geb\u00e4udereinigung M\u00fcnchen","article_publisher":"https:\/\/www.facebook.com\/SauberBlitz\/","article_modified_time":"2025-08-18T10:06:52+00:00","twitter_card":"summary_large_image","twitter_misc":{"Est. reading time":"5 minutes"},"schema":{"@context":"https:\/\/schema.org","@graph":[{"@type":"WebPage","@id":"https:\/\/sauberblitz.de\/en\/about-us\/","url":"https:\/\/sauberblitz.de\/en\/about-us\/","name":"The company &#8902; SauberBlitz Geb\u00e4udereinigung M\u00fcnchen","isPartOf":{"@id":"https:\/\/sauberblitz.de\/en\/#website"},"datePublished":"2020-10-08T07:14:52+00:00","dateModified":"2025-08-18T10:06:52+00:00","description":"SauberBlitz has been providing highly professional building cleaning services in Munich for over 20 years. \u2713\u2713\u2713 Learn more now...","breadcrumb":{"@id":"https:\/\/sauberblitz.de\/en\/about-us\/#breadcrumb"},"inLanguage":"en-US","potentialAction":[{"@type":"ReadAction","target":["https:\/\/sauberblitz.de\/en\/about-us\/"]}]},{"@type":"BreadcrumbList","@id":"https:\/\/sauberblitz.de\/en\/about-us\/#breadcrumb","itemListElement":[{"@type":"ListItem","position":1,"name":"Startseite","item":"https:\/\/sauberblitz.de\/en\/sauberblitz\/"},{"@type":"ListItem","position":2,"name":"About us"}]},{"@type":"WebSite","@id":"https:\/\/sauberblitz.de\/en\/#website","url":"https:\/\/sauberblitz.de\/en\/","name":"SauberBlitz Geb\u00e4udereinigung M\u00fcnchen","description":"Professionelle Reinigung M\u00fcnchen","publisher":{"@id":"https:\/\/sauberblitz.de\/en\/#organization"},"potentialAction":[{"@type":"SearchAction","target":{"@type":"EntryPoint","urlTemplate":"https:\/\/sauberblitz.de\/en\/?s={search_term_string}"},"query-input":{"@type":"PropertyValueSpecification","valueRequired":true,"valueName":"search_term_string"}}],"inLanguage":"en-US"},{"@type":"Organization","@id":"https:\/\/sauberblitz.de\/en\/#organization","name":"SauberBlitz","url":"https:\/\/sauberblitz.de\/en\/","logo":{"@type":"ImageObject","inLanguage":"en-US","@id":"https:\/\/sauberblitz.de\/en\/#\/schema\/logo\/image\/","url":"https:\/\/sauberblitz.de\/wp-content\/uploads\/2020\/11\/logo-sauberblitz-300-quer.png","contentUrl":"https:\/\/sauberblitz.de\/wp-content\/uploads\/2020\/11\/logo-sauberblitz-300-quer.png","width":647,"height":300,"caption":"SauberBlitz"},"image":{"@id":"https:\/\/sauberblitz.de\/en\/#\/schema\/logo\/image\/"},"sameAs":["https:\/\/www.facebook.com\/SauberBlitz\/","https:\/\/www.instagram.com\/sauberblitz\/","https:\/\/www.linkedin.com\/in\/ramona-wagner-4423a111b\/","https:\/\/www.youtube.com\/channel\/UCIx-BX1eUgHMHC0T4lw1EEw"]}]}},"_links":{"self":[{"href":"https:\/\/sauberblitz.de\/en\/wp-json\/wp\/v2\/pages\/379","targetHints":{"allow":["GET"]}}],"collection":[{"href":"https:\/\/sauberblitz.de\/en\/wp-json\/wp\/v2\/pages"}],"about":[{"href":"https:\/\/sauberblitz.de\/en\/wp-json\/wp\/v2\/types\/page"}],"author":[{"embeddable":true,"href":"https:\/\/sauberblitz.de\/en\/wp-json\/wp\/v2\/users\/1"}],"replies":[{"embeddable":true,"href":"https:\/\/sauberblitz.de\/en\/wp-json\/wp\/v2\/comments?post=379"}],"version-history":[{"count":0,"href":"https:\/\/sauberblitz.de\/en\/wp-json\/wp\/v2\/pages\/379\/revisions"}],"wp:attachment":[{"href":"https:\/\/sauberblitz.de\/en\/wp-json\/wp\/v2\/media?parent=379"}],"curies":[{"name":"wp","href":"https:\/\/api.w.org\/{rel}","templated":true}]}}